{"id":77,"date":"2022-05-09T14:49:30","date_gmt":"2022-05-09T12:49:30","guid":{"rendered":"http:\/\/www.helveticum-inkasso.ch\/?page_id=77"},"modified":"2024-03-25T11:56:25","modified_gmt":"2024-03-25T10:56:25","slug":"home","status":"publish","type":"page","link":"https:\/\/helveticum-inkasso.ch\/de\/","title":{"rendered":"Willkommen"},"content":{"rendered":"<div class=\"wpb-content-wrapper\"><p>[vc_row full_width=&#8220;stretch_row&#8220; content_placement=&#8220;middle&#8220; css=&#8220;.vc_custom_1652101792995{background-image: url(https:\/\/helveticum-inkasso.ch\/wp-content\/uploads\/2022\/05\/bg-home.jpg?id=21) !important;}&#8220; el_class=&#8220;intro&#8220;][vc_column][vc_row_inner][vc_column_inner width=&#8220;1\/2&#8243;][vc_column_text]<\/p>\n<h2><strong>Wer Schulden hat, dem ist nichts zu teuer.<\/strong><\/h2>\n<p>[\/vc_column_text][\/vc_column_inner][vc_column_inner width=&#8220;1\/2&#8243;][\/vc_column_inner][\/vc_row_inner][\/vc_column][\/vc_row][vc_row][vc_column][vc_column_text]<\/p>\n<h1 style=\"text-align: center;\"><strong>HELVETICUM Inkasso SA-AG<\/strong><br \/>\nFreiburg<\/h1>\n<h4 style=\"text-align: center;\">Ihr Partner f\u00fcr die Eintreibung Ihrer Forderungen<\/h4>\n<p>[\/vc_column_text][vc_row_inner][vc_column_inner width=&#8220;2\/12&#8243;][\/vc_column_inner][vc_column_inner width=&#8220;8\/12&#8243;][vc_column_text]&nbsp;<\/p>\n<p>Wir helfen Ihnen dabei, Ihre Forderungen professionell und respektvoll zu verwalten. Unsere korrekte und effiziente Vorgehensweise garantiert optimale Ergebnisse f\u00fcr Sie und Ihre Schuldner. Befreien Sie sich dank unseres Fachwissens von den Aufgaben des Inkassos.<\/p>\n<ul>\n<li>Warum Sie sich f\u00fcr Helveticum Inkasso entscheiden sollten :<\/li>\n<li>Zeitersparnis durch die \u00dcbertragung des Debitorenmanagements.<\/li>\n<li>Aufrechterhaltung der Liquidit\u00e4t ohne Behinderung.<\/li>\n<li>Spezialisiertes Fachwissen f\u00fcr transaktionale oder rechtliche Vereinbarungen.<\/li>\n<li>Honorare, die sich allein auf den Erfolg im Falle eines gerichtlichen Inkassos st\u00fctzen.<\/li>\n<\/ul>\n<p>[\/vc_column_text][\/vc_column_inner][vc_column_inner width=&#8220;2\/12&#8243;][\/vc_column_inner][\/vc_row_inner][\/vc_column][\/vc_row][vc_row full_width=&#8220;stretch_row&#8220; el_class=&#8220;bg-primaire&#8220;][vc_column][vc_column_text]<\/p>\n<h1 style=\"text-align: center;\"><strong>So gehen wir<\/strong><br \/>\nunsere Zusammenarbeit an<\/h1>\n<p>[\/vc_column_text][vc_row_inner el_class=&#8220;contact&#8220;][vc_column_inner width=&#8220;2\/12&#8243;][\/vc_column_inner][vc_column_inner width=&#8220;4\/12&#8243;][vc_single_image image=&#8220;32&#8243; img_size=&#8220;full&#8220;][\/vc_column_inner][vc_column_inner width=&#8220;4\/12&#8243;][vc_column_text]<\/p>\n<h5><a href=\"https:\/\/helveticum-inkasso.ch\/de\/kontakt\/\"><strong>Kontaktieren Sie uns<\/strong><\/a><\/h5>\n<p>\u00dcbergeben Sie die Eintreibung Ihrer Forderungen dem Spezialisten.<\/p>\n<p>Wir entlasten Sie von unn\u00f6tigem Zeitaufwand mit den s\u00e4umigen Schuldnern, Verhandlungen mit \u00c4mtern und Beh\u00f6rden.<\/p>\n<p>Unser professionelles Team steht Ihnen gerne zur Verf\u00fcgung. Ihre Inkasso-Sorgen sind bei uns als Ihr Spezialist in guten H\u00e4nden![\/vc_column_text][\/vc_column_inner][vc_column_inner width=&#8220;2\/12&#8243;][\/vc_column_inner][\/vc_row_inner][vc_row_inner el_class=&#8220;liens&#8220;][vc_column_inner][vc_column_text]<\/p>\n<p style=\"text-align: center;\"><a class=\"button\" href=\"#\">Dienstleistungen<\/a><\/p>\n<p>[\/vc_column_text][\/vc_column_inner][\/vc_row_inner][\/vc_column][\/vc_row]<\/p>\n<\/div>","protected":false},"excerpt":{"rendered":"<p>[vc_row full_width=&#8220;stretch_row&#8220; content_placement=&#8220;middle&#8220; css=&#8220;.vc_custom_1652101792995{background-image: url(https:\/\/helveticum-inkasso.ch\/wp-content\/uploads\/2022\/05\/bg-home.jpg?id=21) !important;}&#8220; el_class=&#8220;intro&#8220;][vc_column][vc_row_inner][vc_column_inner width=&#8220;1\/2&#8243;][vc_column_text] Wer Schulden hat, dem ist nichts zu teuer. [\/vc_column_text][\/vc_column_inner][vc_column_inner width=&#8220;1\/2&#8243;][\/vc_column_inner][\/vc_row_inner][\/vc_column][\/vc_row][vc_row][vc_column][vc_column_text] HELVETICUM Inkasso SA-AG Freiburg Ihr Partner f\u00fcr die Eintreibung Ihrer Forderungen [\/vc_column_text][vc_row_inner][vc_column_inner width=&#8220;2\/12&#8243;][\/vc_column_inner][vc_column_inner width=&#8220;8\/12&#8243;][vc_column_text]&nbsp; Wir helfen Ihnen dabei, Ihre Forderungen professionell und respektvoll zu verwalten. Unsere korrekte und effiziente Vorgehensweise garantiert optimale Ergebnisse f\u00fcr Sie und Ihre [&hellip;]<\/p>\n","protected":false},"author":1,"featured_media":0,"parent":0,"menu_order":0,"comment_status":"closed","ping_status":"closed","template":"","meta":{"_acf_changed":false,"footnotes":""},"class_list":["post-77","page","type-page","status-publish","hentry"],"acf":[],"yoast_head":"<!-- This site is optimized with the Yoast SEO plugin v27.3 - https:\/\/yoast.com\/product\/yoast-seo-wordpress\/ -->\n<title>Willkommen | HELVETICUM Inkasso SA-AG | Freiburg - Eintreibung Ihrer Forderungen<\/title>\n<meta name=\"description\" content=\"Wir von Helveticum Inkasso helfen Ihnen dabei, auf faire und respektvolle Art und Weise eine L\u00f6sung zu finden, welche f\u00fcr unsere Kunden vertretbar und f\u00fcr die s\u00e4umigen Zahler tragbar sind. Dabei bearbeiten wir alle Inkassoauftr\u00e4ge zielstrebig und erzielen somit eine hohe Erfolgsquote.\" \/>\n<meta name=\"robots\" content=\"index, follow, max-snippet:-1, max-image-preview:large, max-video-preview:-1\" \/>\n<link rel=\"canonical\" href=\"https:\/\/helveticum-inkasso.ch\/de\/\" \/>\n<meta property=\"og:locale\" content=\"de_DE\" \/>\n<meta property=\"og:type\" content=\"article\" \/>\n<meta property=\"og:title\" content=\"Willkommen | HELVETICUM Inkasso SA-AG | Freiburg - Eintreibung Ihrer Forderungen\" \/>\n<meta property=\"og:description\" content=\"Wir von Helveticum Inkasso helfen Ihnen dabei, auf faire und respektvolle Art und Weise eine L\u00f6sung zu finden, welche f\u00fcr unsere Kunden vertretbar und f\u00fcr die s\u00e4umigen Zahler tragbar sind. Dabei bearbeiten wir alle Inkassoauftr\u00e4ge zielstrebig und erzielen somit eine hohe Erfolgsquote.\" \/>\n<meta property=\"og:url\" content=\"https:\/\/helveticum-inkasso.ch\/de\/\" \/>\n<meta property=\"og:site_name\" content=\"HELVETICUM Inkasso SA-AG | Freiburg - Eintreibung Ihrer Forderungen\" \/>\n<meta property=\"article:modified_time\" content=\"2024-03-25T10:56:25+00:00\" \/>\n<meta name=\"twitter:card\" content=\"summary_large_image\" \/>\n<meta name=\"twitter:label1\" content=\"Gesch\u00e4tzte Lesezeit\" \/>\n\t<meta name=\"twitter:data1\" content=\"2\u00a0Minuten\" \/>\n<script type=\"application\/ld+json\" class=\"yoast-schema-graph\">{\"@context\":\"https:\\\/\\\/schema.org\",\"@graph\":[{\"@type\":\"WebPage\",\"@id\":\"https:\\\/\\\/helveticum-inkasso.ch\\\/de\\\/\",\"url\":\"https:\\\/\\\/helveticum-inkasso.ch\\\/de\\\/\",\"name\":\"Willkommen | HELVETICUM Inkasso SA-AG | Freiburg - Eintreibung Ihrer Forderungen\",\"isPartOf\":{\"@id\":\"https:\\\/\\\/helveticum-inkasso.ch\\\/#website\"},\"datePublished\":\"2022-05-09T12:49:30+00:00\",\"dateModified\":\"2024-03-25T10:56:25+00:00\",\"description\":\"Wir von Helveticum Inkasso helfen Ihnen dabei, auf faire und respektvolle Art und Weise eine L\u00f6sung zu finden, welche f\u00fcr unsere Kunden vertretbar und f\u00fcr die s\u00e4umigen Zahler tragbar sind. Dabei bearbeiten wir alle Inkassoauftr\u00e4ge zielstrebig und erzielen somit eine hohe Erfolgsquote.\",\"breadcrumb\":{\"@id\":\"https:\\\/\\\/helveticum-inkasso.ch\\\/de\\\/#breadcrumb\"},\"inLanguage\":\"de\",\"potentialAction\":[{\"@type\":\"ReadAction\",\"target\":[\"https:\\\/\\\/helveticum-inkasso.ch\\\/de\\\/\"]}]},{\"@type\":\"BreadcrumbList\",\"@id\":\"https:\\\/\\\/helveticum-inkasso.ch\\\/de\\\/#breadcrumb\",\"itemListElement\":[{\"@type\":\"ListItem\",\"position\":1,\"name\":\"Accueil\",\"item\":\"https:\\\/\\\/helveticum-inkasso.ch\\\/de\\\/\"},{\"@type\":\"ListItem\",\"position\":2,\"name\":\"Willkommen\"}]},{\"@type\":\"WebSite\",\"@id\":\"https:\\\/\\\/helveticum-inkasso.ch\\\/#website\",\"url\":\"https:\\\/\\\/helveticum-inkasso.ch\\\/\",\"name\":\"HELVETICUM Inkasso SA-AG | Freiburg - Eintreibung Ihrer Forderungen\",\"description\":\"\",\"potentialAction\":[{\"@type\":\"SearchAction\",\"target\":{\"@type\":\"EntryPoint\",\"urlTemplate\":\"https:\\\/\\\/helveticum-inkasso.ch\\\/?s={search_term_string}\"},\"query-input\":{\"@type\":\"PropertyValueSpecification\",\"valueRequired\":true,\"valueName\":\"search_term_string\"}}],\"inLanguage\":\"de\"}]}<\/script>\n<!-- \/ Yoast SEO plugin. -->","yoast_head_json":{"title":"Willkommen | HELVETICUM Inkasso SA-AG | Freiburg - Eintreibung Ihrer Forderungen","description":"Wir von Helveticum Inkasso helfen Ihnen dabei, auf faire und respektvolle Art und Weise eine L\u00f6sung zu finden, welche f\u00fcr unsere Kunden vertretbar und f\u00fcr die s\u00e4umigen Zahler tragbar sind. Dabei bearbeiten wir alle Inkassoauftr\u00e4ge zielstrebig und erzielen somit eine hohe Erfolgsquote.","robots":{"index":"index","follow":"follow","max-snippet":"max-snippet:-1","max-image-preview":"max-image-preview:large","max-video-preview":"max-video-preview:-1"},"canonical":"https:\/\/helveticum-inkasso.ch\/de\/","og_locale":"de_DE","og_type":"article","og_title":"Willkommen | HELVETICUM Inkasso SA-AG | Freiburg - Eintreibung Ihrer Forderungen","og_description":"Wir von Helveticum Inkasso helfen Ihnen dabei, auf faire und respektvolle Art und Weise eine L\u00f6sung zu finden, welche f\u00fcr unsere Kunden vertretbar und f\u00fcr die s\u00e4umigen Zahler tragbar sind. Dabei bearbeiten wir alle Inkassoauftr\u00e4ge zielstrebig und erzielen somit eine hohe Erfolgsquote.","og_url":"https:\/\/helveticum-inkasso.ch\/de\/","og_site_name":"HELVETICUM Inkasso SA-AG | Freiburg - Eintreibung Ihrer Forderungen","article_modified_time":"2024-03-25T10:56:25+00:00","twitter_card":"summary_large_image","twitter_misc":{"Gesch\u00e4tzte Lesezeit":"2\u00a0Minuten"},"schema":{"@context":"https:\/\/schema.org","@graph":[{"@type":"WebPage","@id":"https:\/\/helveticum-inkasso.ch\/de\/","url":"https:\/\/helveticum-inkasso.ch\/de\/","name":"Willkommen | HELVETICUM Inkasso SA-AG | Freiburg - Eintreibung Ihrer Forderungen","isPartOf":{"@id":"https:\/\/helveticum-inkasso.ch\/#website"},"datePublished":"2022-05-09T12:49:30+00:00","dateModified":"2024-03-25T10:56:25+00:00","description":"Wir von Helveticum Inkasso helfen Ihnen dabei, auf faire und respektvolle Art und Weise eine L\u00f6sung zu finden, welche f\u00fcr unsere Kunden vertretbar und f\u00fcr die s\u00e4umigen Zahler tragbar sind. Dabei bearbeiten wir alle Inkassoauftr\u00e4ge zielstrebig und erzielen somit eine hohe Erfolgsquote.","breadcrumb":{"@id":"https:\/\/helveticum-inkasso.ch\/de\/#breadcrumb"},"inLanguage":"de","potentialAction":[{"@type":"ReadAction","target":["https:\/\/helveticum-inkasso.ch\/de\/"]}]},{"@type":"BreadcrumbList","@id":"https:\/\/helveticum-inkasso.ch\/de\/#breadcrumb","itemListElement":[{"@type":"ListItem","position":1,"name":"Accueil","item":"https:\/\/helveticum-inkasso.ch\/de\/"},{"@type":"ListItem","position":2,"name":"Willkommen"}]},{"@type":"WebSite","@id":"https:\/\/helveticum-inkasso.ch\/#website","url":"https:\/\/helveticum-inkasso.ch\/","name":"HELVETICUM Inkasso SA-AG | Freiburg - Eintreibung Ihrer Forderungen","description":"","potentialAction":[{"@type":"SearchAction","target":{"@type":"EntryPoint","urlTemplate":"https:\/\/helveticum-inkasso.ch\/?s={search_term_string}"},"query-input":{"@type":"PropertyValueSpecification","valueRequired":true,"valueName":"search_term_string"}}],"inLanguage":"de"}]}},"_links":{"self":[{"href":"https:\/\/helveticum-inkasso.ch\/de\/wp-json\/wp\/v2\/pages\/77","targetHints":{"allow":["GET"]}}],"collection":[{"href":"https:\/\/helveticum-inkasso.ch\/de\/wp-json\/wp\/v2\/pages"}],"about":[{"href":"https:\/\/helveticum-inkasso.ch\/de\/wp-json\/wp\/v2\/types\/page"}],"author":[{"embeddable":true,"href":"https:\/\/helveticum-inkasso.ch\/de\/wp-json\/wp\/v2\/users\/1"}],"replies":[{"embeddable":true,"href":"https:\/\/helveticum-inkasso.ch\/de\/wp-json\/wp\/v2\/comments?post=77"}],"version-history":[{"count":23,"href":"https:\/\/helveticum-inkasso.ch\/de\/wp-json\/wp\/v2\/pages\/77\/revisions"}],"predecessor-version":[{"id":237,"href":"https:\/\/helveticum-inkasso.ch\/de\/wp-json\/wp\/v2\/pages\/77\/revisions\/237"}],"wp:attachment":[{"href":"https:\/\/helveticum-inkasso.ch\/de\/wp-json\/wp\/v2\/media?parent=77"}],"curies":[{"name":"wp","href":"https:\/\/api.w.org\/{rel}","templated":true}]}}