{"id":86,"date":"2022-05-09T14:49:30","date_gmt":"2022-05-09T12:49:30","guid":{"rendered":"http:\/\/www.helveticum-inkasso.ch\/?page_id=86"},"modified":"2022-05-12T12:00:54","modified_gmt":"2022-05-12T10:00:54","slug":"dienstleistungen","status":"publish","type":"page","link":"https:\/\/helveticum-inkasso.ch\/de\/dienstleistungen\/","title":{"rendered":"Dienstleistungen"},"content":{"rendered":"<div class=\"wpb-content-wrapper\"><p>[vc_row full_width=&#8220;stretch_row&#8220; content_placement=&#8220;bottom&#8220; el_class=&#8220;intro&#8220; css=&#8220;.vc_custom_1652108922364{background-image: url(https:\/\/helveticum-inkasso.ch\/wp-content\/uploads\/2022\/05\/bg-prestations.jpg?id=38) !important;}&#8220;][vc_column][vc_row_inner][vc_column_inner width=&#8220;1\/2&#8243;][vc_column_text]<\/p>\n<h2><strong>Unsere<\/strong><br \/>\nDienstleistungen<\/h2>\n<p>[\/vc_column_text][\/vc_column_inner][vc_column_inner width=&#8220;1\/2&#8243;][\/vc_column_inner][\/vc_row_inner][\/vc_column][\/vc_row][vc_row][vc_column][vc_row_inner][vc_column_inner width=&#8220;2\/12&#8243;][\/vc_column_inner][vc_column_inner width=&#8220;8\/12&#8243;][vc_column_text]<\/p>\n<h4 style=\"text-align: center;\">Mit einem ausgereiften System \u00fcberwachen wir Ihre Schuldner. Wenn diese wirtschaftlich wieder Fuss gefasst haben, versuchen wir, Ihre Guthaben zu realisieren.<\/h4>\n<p>[\/vc_column_text][vc_column_text]<\/p>\n<h5>Vorrechtliches Inkasso<\/h5>\n<p>Wir \u00fcbernehmen Ihre f\u00e4lligen Forderungen im vorrechtlichen Inkasso und arbeiten auf reiner Erfolgsbasis Sie als Kunde profitieren einerseits von diesen Spezialkonditionen und andererseits vom Know-how unserer Partner in der ganzen Schweiz und im Ausland.<\/p>\n<h5>Verlustscheine<\/h5>\n<p>Pro Jahr werden in der Schweiz f\u00fcr 2 bis 3 Milliarden Schweizer Franken Verlustscheine ausgestellt. Diese Statistik zeigt seit Jahren nach oben. Durch die heutige, schlechte Marktlage werden sich die Verlustf\u00e4lle und Konkurse massiv erh\u00f6hen! Deshalb ist eine straffe Bearbeitung des Debitorenbestandes von grosser Wichtigkeit!<\/p>\n<p>Schuldner, die nicht sofort gemahnt werden, sind geradezu aufgemuntert, weitere Kreditgeber zu sch\u00e4digen. Je fr\u00fcher das Inkassob\u00fcro eine Forderung bearbeiten kann, desto gr\u00f6sser ist die Aussicht auf Erfolg.<\/p>\n<p>Erfahrungsgem\u00e4ss l\u00e4sst sich ein Teil der Verlustscheinforderungen nach einiger Zeit wieder realisieren. Diese Bem\u00fchungen bringen aber Zeitaufwand und Kosten mit sich. Es dr\u00e4ngt sich daher eine systematische und rationnelle Bearbeitung auf. Nutzen Sie die Vorteile unseres Verlustschein-Verwertungssystems.[\/vc_column_text][\/vc_column_inner][vc_column_inner width=&#8220;2\/12&#8243;][\/vc_column_inner][\/vc_row_inner][\/vc_column][\/vc_row][vc_row full_width=&#8220;stretch_row&#8220; el_class=&#8220;bg-primaire&#8220;][vc_column][vc_column_text]<\/p>\n<p style=\"text-align: center;\"><a class=\"button\" href=\"#\">Tarife<\/a><\/p>\n<p>[\/vc_column_text][\/vc_column][\/vc_row]<\/p>\n<\/div>","protected":false},"excerpt":{"rendered":"<p>[vc_row full_width=&#8220;stretch_row&#8220; content_placement=&#8220;bottom&#8220; el_class=&#8220;intro&#8220; css=&#8220;.vc_custom_1652108922364{background-image: url(https:\/\/helveticum-inkasso.ch\/wp-content\/uploads\/2022\/05\/bg-prestations.jpg?id=38) !important;}&#8220;][vc_column][vc_row_inner][vc_column_inner width=&#8220;1\/2&#8243;][vc_column_text] Unsere Dienstleistungen [\/vc_column_text][\/vc_column_inner][vc_column_inner width=&#8220;1\/2&#8243;][\/vc_column_inner][\/vc_row_inner][\/vc_column][\/vc_row][vc_row][vc_column][vc_row_inner][vc_column_inner width=&#8220;2\/12&#8243;][\/vc_column_inner][vc_column_inner width=&#8220;8\/12&#8243;][vc_column_text] Mit einem ausgereiften System \u00fcberwachen wir Ihre Schuldner. Wenn diese wirtschaftlich wieder Fuss gefasst haben, versuchen wir, Ihre Guthaben zu realisieren. [\/vc_column_text][vc_column_text] Vorrechtliches Inkasso Wir \u00fcbernehmen Ihre f\u00e4lligen Forderungen im vorrechtlichen Inkasso und arbeiten auf reiner Erfolgsbasis Sie als Kunde profitieren [&hellip;]<\/p>\n","protected":false},"author":1,"featured_media":0,"parent":0,"menu_order":0,"comment_status":"closed","ping_status":"closed","template":"","meta":{"_acf_changed":false,"footnotes":""},"class_list":["post-86","page","type-page","status-publish","hentry"],"acf":[],"yoast_head":"<!-- This site is optimized with the Yoast SEO plugin v27.2 - https:\/\/yoast.com\/product\/yoast-seo-wordpress\/ -->\n<title>Dienstleistungen | HELVETICUM Inkasso SA-AG | Freiburg - Eintreibung Ihrer Forderungen<\/title>\n<meta name=\"description\" content=\"Wir \u00fcbernehmen Ihre f\u00e4lligen Forderungen im vorrechtlichen Inkasso und arbeiten auf reiner Erfolgsbasis Sie als Kunde profitieren einerseits von diesen Spezialkonditionen und andererseits vom Know-how unserer Partner in der ganzen Schweiz und im Ausland.\" \/>\n<meta name=\"robots\" content=\"index, follow, max-snippet:-1, max-image-preview:large, max-video-preview:-1\" \/>\n<link rel=\"canonical\" href=\"https:\/\/helveticum-inkasso.ch\/de\/dienstleistungen\/\" \/>\n<meta property=\"og:locale\" content=\"de_DE\" \/>\n<meta property=\"og:type\" content=\"article\" \/>\n<meta property=\"og:title\" content=\"Dienstleistungen | HELVETICUM Inkasso SA-AG | Freiburg - Eintreibung Ihrer Forderungen\" \/>\n<meta property=\"og:description\" content=\"Wir \u00fcbernehmen Ihre f\u00e4lligen Forderungen im vorrechtlichen Inkasso und arbeiten auf reiner Erfolgsbasis Sie als Kunde profitieren einerseits von diesen Spezialkonditionen und andererseits vom Know-how unserer Partner in der ganzen Schweiz und im Ausland.\" \/>\n<meta property=\"og:url\" content=\"https:\/\/helveticum-inkasso.ch\/de\/dienstleistungen\/\" \/>\n<meta property=\"og:site_name\" content=\"HELVETICUM Inkasso SA-AG | Freiburg - Eintreibung Ihrer Forderungen\" \/>\n<meta property=\"article:modified_time\" content=\"2022-05-12T10:00:54+00:00\" \/>\n<meta name=\"twitter:card\" content=\"summary_large_image\" \/>\n<meta name=\"twitter:label1\" content=\"Gesch\u00e4tzte Lesezeit\" \/>\n\t<meta name=\"twitter:data1\" content=\"2\u00a0Minuten\" \/>\n<script type=\"application\/ld+json\" class=\"yoast-schema-graph\">{\"@context\":\"https:\/\/schema.org\",\"@graph\":[{\"@type\":\"WebPage\",\"@id\":\"https:\/\/helveticum-inkasso.ch\/de\/dienstleistungen\/\",\"url\":\"https:\/\/helveticum-inkasso.ch\/de\/dienstleistungen\/\",\"name\":\"Dienstleistungen | HELVETICUM Inkasso SA-AG | Freiburg - Eintreibung Ihrer Forderungen\",\"isPartOf\":{\"@id\":\"https:\/\/helveticum-inkasso.ch\/#website\"},\"datePublished\":\"2022-05-09T12:49:30+00:00\",\"dateModified\":\"2022-05-12T10:00:54+00:00\",\"description\":\"Wir \u00fcbernehmen Ihre f\u00e4lligen Forderungen im vorrechtlichen Inkasso und arbeiten auf reiner Erfolgsbasis Sie als Kunde profitieren einerseits von diesen Spezialkonditionen und andererseits vom Know-how unserer Partner in der ganzen Schweiz und im Ausland.\",\"breadcrumb\":{\"@id\":\"https:\/\/helveticum-inkasso.ch\/de\/dienstleistungen\/#breadcrumb\"},\"inLanguage\":\"de\",\"potentialAction\":[{\"@type\":\"ReadAction\",\"target\":[\"https:\/\/helveticum-inkasso.ch\/de\/dienstleistungen\/\"]}]},{\"@type\":\"BreadcrumbList\",\"@id\":\"https:\/\/helveticum-inkasso.ch\/de\/dienstleistungen\/#breadcrumb\",\"itemListElement\":[{\"@type\":\"ListItem\",\"position\":1,\"name\":\"Accueil\",\"item\":\"https:\/\/helveticum-inkasso.ch\/de\/\"},{\"@type\":\"ListItem\",\"position\":2,\"name\":\"Dienstleistungen\"}]},{\"@type\":\"WebSite\",\"@id\":\"https:\/\/helveticum-inkasso.ch\/#website\",\"url\":\"https:\/\/helveticum-inkasso.ch\/\",\"name\":\"HELVETICUM Inkasso SA-AG | Freiburg - Eintreibung Ihrer Forderungen\",\"description\":\"\",\"potentialAction\":[{\"@type\":\"SearchAction\",\"target\":{\"@type\":\"EntryPoint\",\"urlTemplate\":\"https:\/\/helveticum-inkasso.ch\/?s={search_term_string}\"},\"query-input\":{\"@type\":\"PropertyValueSpecification\",\"valueRequired\":true,\"valueName\":\"search_term_string\"}}],\"inLanguage\":\"de\"}]}<\/script>\n<!-- \/ Yoast SEO plugin. -->","yoast_head_json":{"title":"Dienstleistungen | HELVETICUM Inkasso SA-AG | Freiburg - Eintreibung Ihrer Forderungen","description":"Wir \u00fcbernehmen Ihre f\u00e4lligen Forderungen im vorrechtlichen Inkasso und arbeiten auf reiner Erfolgsbasis Sie als Kunde profitieren einerseits von diesen Spezialkonditionen und andererseits vom Know-how unserer Partner in der ganzen Schweiz und im Ausland.","robots":{"index":"index","follow":"follow","max-snippet":"max-snippet:-1","max-image-preview":"max-image-preview:large","max-video-preview":"max-video-preview:-1"},"canonical":"https:\/\/helveticum-inkasso.ch\/de\/dienstleistungen\/","og_locale":"de_DE","og_type":"article","og_title":"Dienstleistungen | HELVETICUM Inkasso SA-AG | Freiburg - Eintreibung Ihrer Forderungen","og_description":"Wir \u00fcbernehmen Ihre f\u00e4lligen Forderungen im vorrechtlichen Inkasso und arbeiten auf reiner Erfolgsbasis Sie als Kunde profitieren einerseits von diesen Spezialkonditionen und andererseits vom Know-how unserer Partner in der ganzen Schweiz und im Ausland.","og_url":"https:\/\/helveticum-inkasso.ch\/de\/dienstleistungen\/","og_site_name":"HELVETICUM Inkasso SA-AG | Freiburg - Eintreibung Ihrer Forderungen","article_modified_time":"2022-05-12T10:00:54+00:00","twitter_card":"summary_large_image","twitter_misc":{"Gesch\u00e4tzte Lesezeit":"2\u00a0Minuten"},"schema":{"@context":"https:\/\/schema.org","@graph":[{"@type":"WebPage","@id":"https:\/\/helveticum-inkasso.ch\/de\/dienstleistungen\/","url":"https:\/\/helveticum-inkasso.ch\/de\/dienstleistungen\/","name":"Dienstleistungen | HELVETICUM Inkasso SA-AG | Freiburg - Eintreibung Ihrer Forderungen","isPartOf":{"@id":"https:\/\/helveticum-inkasso.ch\/#website"},"datePublished":"2022-05-09T12:49:30+00:00","dateModified":"2022-05-12T10:00:54+00:00","description":"Wir \u00fcbernehmen Ihre f\u00e4lligen Forderungen im vorrechtlichen Inkasso und arbeiten auf reiner Erfolgsbasis Sie als Kunde profitieren einerseits von diesen Spezialkonditionen und andererseits vom Know-how unserer Partner in der ganzen Schweiz und im Ausland.","breadcrumb":{"@id":"https:\/\/helveticum-inkasso.ch\/de\/dienstleistungen\/#breadcrumb"},"inLanguage":"de","potentialAction":[{"@type":"ReadAction","target":["https:\/\/helveticum-inkasso.ch\/de\/dienstleistungen\/"]}]},{"@type":"BreadcrumbList","@id":"https:\/\/helveticum-inkasso.ch\/de\/dienstleistungen\/#breadcrumb","itemListElement":[{"@type":"ListItem","position":1,"name":"Accueil","item":"https:\/\/helveticum-inkasso.ch\/de\/"},{"@type":"ListItem","position":2,"name":"Dienstleistungen"}]},{"@type":"WebSite","@id":"https:\/\/helveticum-inkasso.ch\/#website","url":"https:\/\/helveticum-inkasso.ch\/","name":"HELVETICUM Inkasso SA-AG | Freiburg - Eintreibung Ihrer Forderungen","description":"","potentialAction":[{"@type":"SearchAction","target":{"@type":"EntryPoint","urlTemplate":"https:\/\/helveticum-inkasso.ch\/?s={search_term_string}"},"query-input":{"@type":"PropertyValueSpecification","valueRequired":true,"valueName":"search_term_string"}}],"inLanguage":"de"}]}},"_links":{"self":[{"href":"https:\/\/helveticum-inkasso.ch\/de\/wp-json\/wp\/v2\/pages\/86","targetHints":{"allow":["GET"]}}],"collection":[{"href":"https:\/\/helveticum-inkasso.ch\/de\/wp-json\/wp\/v2\/pages"}],"about":[{"href":"https:\/\/helveticum-inkasso.ch\/de\/wp-json\/wp\/v2\/types\/page"}],"author":[{"embeddable":true,"href":"https:\/\/helveticum-inkasso.ch\/de\/wp-json\/wp\/v2\/users\/1"}],"replies":[{"embeddable":true,"href":"https:\/\/helveticum-inkasso.ch\/de\/wp-json\/wp\/v2\/comments?post=86"}],"version-history":[{"count":11,"href":"https:\/\/helveticum-inkasso.ch\/de\/wp-json\/wp\/v2\/pages\/86\/revisions"}],"predecessor-version":[{"id":191,"href":"https:\/\/helveticum-inkasso.ch\/de\/wp-json\/wp\/v2\/pages\/86\/revisions\/191"}],"wp:attachment":[{"href":"https:\/\/helveticum-inkasso.ch\/de\/wp-json\/wp\/v2\/media?parent=86"}],"curies":[{"name":"wp","href":"https:\/\/api.w.org\/{rel}","templated":true}]}}