{"id":89,"date":"2022-05-09T14:49:30","date_gmt":"2022-05-09T12:49:30","guid":{"rendered":"http:\/\/www.helveticum-inkasso.ch\/?page_id=89"},"modified":"2022-05-12T12:03:35","modified_gmt":"2022-05-12T10:03:35","slug":"tarife","status":"publish","type":"page","link":"https:\/\/helveticum-inkasso.ch\/de\/tarife\/","title":{"rendered":"Tarife"},"content":{"rendered":"<div class=\"wpb-content-wrapper\"><p>[vc_row full_width=&#8220;stretch_row&#8220; content_placement=&#8220;bottom&#8220; css=&#8220;.vc_custom_1652108910613{background-image: url(https:\/\/helveticum-inkasso.ch\/wp-content\/uploads\/2022\/05\/bg-tarifs.jpg?id=44) !important;}&#8220; el_class=&#8220;intro&#8220;][vc_column][vc_row_inner][vc_column_inner width=&#8220;1\/2&#8243;][vc_column_text]<\/p>\n<h2><strong>Unsere<\/strong><br \/>\nTarife<\/h2>\n<p>[\/vc_column_text][\/vc_column_inner][vc_column_inner width=&#8220;1\/2&#8243;][\/vc_column_inner][\/vc_row_inner][\/vc_column][\/vc_row][vc_row][vc_column][vc_row_inner][vc_column_inner width=&#8220;2\/12&#8243;][\/vc_column_inner][vc_column_inner width=&#8220;8\/12&#8243;][vc_column_text]<\/p>\n<h1 style=\"text-align: center;\"><strong>Tarife Schweiz<\/strong><\/h1>\n<p>[\/vc_column_text][vc_column_text]<\/p>\n<h5>Vorrechtliches Inkasso<\/h5>\n<p>Im vorrechtlichen Inkasso arbeiten wir auf reiner Erfolgsbasis. Unsere Erfolgsprovision betr\u00e4gt dabei 10%. Direkte Kosten (Anwalts- und Gerichtskosten) wenn diese vom Schuldner nicht bezahlt werden. In diesem Fall gehen die Kosten zu Ihren Lasten.<\/p>\n<h5>Rechtliches Inkasso<\/h5>\n<p>Im rechtlichen Inkasso arbeiten wir mit Rechtsanw\u00e4lten zusammen. M\u00f6chten Sie vom rechtlichen Inkasso gebrauch machen, Nach Erhalt der Anzahlung, werden die weiteren Schritte eingeleitet wie Klageverfahren, Rechts\u00f6ffnungsverfahren etc.<\/p>\n<p>m\u00fcssen Sie eine Anzahlung leisten, welche individuell vereinbart wird. Im rechtlichen Inkasso muss die unterliegende Partei in der Regel die Kosten der Gegenpartei ersetzen. Auch hier betr\u00e4gt unsere Erfolgsprovision 10%.<\/p>\n<p>Direkte Kosten (Anwalts- und Gerichtskosten) wenn diese vom Schuldner nicht bezahlt werden. In diesem Fall gehen die Kosten zu Ihren Lasten.<\/p>\n<h5>Verlustscheine<\/h5>\n<p>Kein Kostenrisiko bei Verlustscheinen. Wir tragen s\u00e4mtliche Kosten wie Adressnachforschungen, Geb\u00fchren, Auskunftskosten, Betreibungs- und Gerichtskosten, Porti etc.<\/p>\n<p>Das Erfolgshonorar betr\u00e4gt 50% auf allen eingebrachten Geldern, ohne weitere Kosten.[\/vc_column_text][\/vc_column_inner][vc_column_inner width=&#8220;2\/12&#8243;][\/vc_column_inner][\/vc_row_inner][\/vc_column][\/vc_row][vc_row][vc_column][vc_row_inner][vc_column_inner width=&#8220;2\/12&#8243;][\/vc_column_inner][vc_column_inner width=&#8220;8\/12&#8243;][vc_column_text]<\/p>\n<h1 style=\"text-align: center;\"><strong>Tarife Ausland<\/strong><\/h1>\n<p>[\/vc_column_text][vc_column_text]<\/p>\n<h5>L\u00e4nderzone 1 : Europa<\/h5>\n<p>L\u00e4nder : Deutschland, \u00d6sterreich, Belgien, D\u00e4nemark, Finnland, Frankreich, Gro\u00dfbritannien, Holland, Irland, Island, Italien, Norwegen, Portugal, Schweden<\/p>\n<p>20% Kommission im Erfolgsfall<\/p>\n<h5>L\u00e4nderzone 2 :<\/h5>\n<p>L\u00e4nder: T\u00fcrkei, Israel, Neuseeland, Polen, Slowakei, Tschechische Republik, Slowenien, Bulgarien, Zypern, Griechenland, Malta<\/p>\n<p>25% Kommission im Erfolgsfall<\/p>\n<h5>L\u00e4nderzone 3 : USA und Kanada<\/h5>\n<p>30% Kommission im Erfolgsfall<\/p>\n<h5>L\u00e4nderzone 4 : Russland und Ukraine<\/h5>\n<p>40% Kommission im Erfolgsfall<\/p>\n<h5>Kosten :<\/h5>\n<p>Direkte Kosten (Anwalts- und Gerichtskosten) wenn diese vom Schuldner nicht bezahlt werden. In diesem Fall gehen die Kosten zu Ihren Lasten.[\/vc_column_text][\/vc_column_inner][vc_column_inner width=&#8220;2\/12&#8243;][\/vc_column_inner][\/vc_row_inner][\/vc_column][\/vc_row][vc_row full_width=&#8220;stretch_row&#8220; el_class=&#8220;bg-primaire&#8220;][vc_column][vc_column_text]<\/p>\n<p style=\"text-align: center;\"><a class=\"button\" href=\"https:\/\/helveticum-inkasso.ch\/de\/kontakt\/\">Unser Kontakt<\/a><\/p>\n<p>[\/vc_column_text][\/vc_column][\/vc_row]<\/p>\n<\/div>","protected":false},"excerpt":{"rendered":"<p>[vc_row full_width=&#8220;stretch_row&#8220; content_placement=&#8220;bottom&#8220; css=&#8220;.vc_custom_1652108910613{background-image: url(https:\/\/helveticum-inkasso.ch\/wp-content\/uploads\/2022\/05\/bg-tarifs.jpg?id=44) !important;}&#8220; el_class=&#8220;intro&#8220;][vc_column][vc_row_inner][vc_column_inner width=&#8220;1\/2&#8243;][vc_column_text] Unsere Tarife [\/vc_column_text][\/vc_column_inner][vc_column_inner width=&#8220;1\/2&#8243;][\/vc_column_inner][\/vc_row_inner][\/vc_column][\/vc_row][vc_row][vc_column][vc_row_inner][vc_column_inner width=&#8220;2\/12&#8243;][\/vc_column_inner][vc_column_inner width=&#8220;8\/12&#8243;][vc_column_text] Tarife Schweiz [\/vc_column_text][vc_column_text] Vorrechtliches Inkasso Im vorrechtlichen Inkasso arbeiten wir auf reiner Erfolgsbasis. Unsere Erfolgsprovision betr\u00e4gt dabei 10%. Direkte Kosten (Anwalts- und Gerichtskosten) wenn diese vom Schuldner nicht bezahlt werden. In diesem Fall gehen die Kosten zu Ihren Lasten. Rechtliches Inkasso [&hellip;]<\/p>\n","protected":false},"author":1,"featured_media":0,"parent":0,"menu_order":0,"comment_status":"closed","ping_status":"closed","template":"","meta":{"_acf_changed":false,"footnotes":""},"class_list":["post-89","page","type-page","status-publish","hentry"],"acf":[],"yoast_head":"<!-- This site is optimized with the Yoast SEO plugin v27.2 - https:\/\/yoast.com\/product\/yoast-seo-wordpress\/ -->\n<title>Tarife | HELVETICUM Inkasso SA-AG | Freiburg - Eintreibung Ihrer Forderungen<\/title>\n<meta name=\"description\" content=\"Im vorrechtlichen Inkasso arbeiten wir auf reiner Erfolgsbasis. Unsere Erfolgsprovision betr\u00e4gt dabei 10%. Direkte Kosten (Anwalts- und Gerichtskosten) wenn diese vom Schuldner nicht bezahlt werden. In diesem Fall gehen die Kosten zu Ihren Lasten.\" \/>\n<meta name=\"robots\" content=\"index, follow, max-snippet:-1, max-image-preview:large, max-video-preview:-1\" \/>\n<link rel=\"canonical\" href=\"https:\/\/helveticum-inkasso.ch\/de\/tarife\/\" \/>\n<meta property=\"og:locale\" content=\"de_DE\" \/>\n<meta property=\"og:type\" content=\"article\" \/>\n<meta property=\"og:title\" content=\"Tarife | HELVETICUM Inkasso SA-AG | Freiburg - Eintreibung Ihrer Forderungen\" \/>\n<meta property=\"og:description\" content=\"Im vorrechtlichen Inkasso arbeiten wir auf reiner Erfolgsbasis. Unsere Erfolgsprovision betr\u00e4gt dabei 10%. Direkte Kosten (Anwalts- und Gerichtskosten) wenn diese vom Schuldner nicht bezahlt werden. In diesem Fall gehen die Kosten zu Ihren Lasten.\" \/>\n<meta property=\"og:url\" content=\"https:\/\/helveticum-inkasso.ch\/de\/tarife\/\" \/>\n<meta property=\"og:site_name\" content=\"HELVETICUM Inkasso SA-AG | Freiburg - Eintreibung Ihrer Forderungen\" \/>\n<meta property=\"article:modified_time\" content=\"2022-05-12T10:03:35+00:00\" \/>\n<meta name=\"twitter:card\" content=\"summary_large_image\" \/>\n<meta name=\"twitter:label1\" content=\"Gesch\u00e4tzte Lesezeit\" \/>\n\t<meta name=\"twitter:data1\" content=\"2\u00a0Minuten\" \/>\n<script type=\"application\/ld+json\" class=\"yoast-schema-graph\">{\"@context\":\"https:\/\/schema.org\",\"@graph\":[{\"@type\":\"WebPage\",\"@id\":\"https:\/\/helveticum-inkasso.ch\/de\/tarife\/\",\"url\":\"https:\/\/helveticum-inkasso.ch\/de\/tarife\/\",\"name\":\"Tarife | HELVETICUM Inkasso SA-AG | Freiburg - Eintreibung Ihrer Forderungen\",\"isPartOf\":{\"@id\":\"https:\/\/helveticum-inkasso.ch\/#website\"},\"datePublished\":\"2022-05-09T12:49:30+00:00\",\"dateModified\":\"2022-05-12T10:03:35+00:00\",\"description\":\"Im vorrechtlichen Inkasso arbeiten wir auf reiner Erfolgsbasis. Unsere Erfolgsprovision betr\u00e4gt dabei 10%. Direkte Kosten (Anwalts- und Gerichtskosten) wenn diese vom Schuldner nicht bezahlt werden. In diesem Fall gehen die Kosten zu Ihren Lasten.\",\"breadcrumb\":{\"@id\":\"https:\/\/helveticum-inkasso.ch\/de\/tarife\/#breadcrumb\"},\"inLanguage\":\"de\",\"potentialAction\":[{\"@type\":\"ReadAction\",\"target\":[\"https:\/\/helveticum-inkasso.ch\/de\/tarife\/\"]}]},{\"@type\":\"BreadcrumbList\",\"@id\":\"https:\/\/helveticum-inkasso.ch\/de\/tarife\/#breadcrumb\",\"itemListElement\":[{\"@type\":\"ListItem\",\"position\":1,\"name\":\"Accueil\",\"item\":\"https:\/\/helveticum-inkasso.ch\/de\/\"},{\"@type\":\"ListItem\",\"position\":2,\"name\":\"Tarife\"}]},{\"@type\":\"WebSite\",\"@id\":\"https:\/\/helveticum-inkasso.ch\/#website\",\"url\":\"https:\/\/helveticum-inkasso.ch\/\",\"name\":\"HELVETICUM Inkasso SA-AG | Freiburg - Eintreibung Ihrer Forderungen\",\"description\":\"\",\"potentialAction\":[{\"@type\":\"SearchAction\",\"target\":{\"@type\":\"EntryPoint\",\"urlTemplate\":\"https:\/\/helveticum-inkasso.ch\/?s={search_term_string}\"},\"query-input\":{\"@type\":\"PropertyValueSpecification\",\"valueRequired\":true,\"valueName\":\"search_term_string\"}}],\"inLanguage\":\"de\"}]}<\/script>\n<!-- \/ Yoast SEO plugin. -->","yoast_head_json":{"title":"Tarife | HELVETICUM Inkasso SA-AG | Freiburg - Eintreibung Ihrer Forderungen","description":"Im vorrechtlichen Inkasso arbeiten wir auf reiner Erfolgsbasis. Unsere Erfolgsprovision betr\u00e4gt dabei 10%. Direkte Kosten (Anwalts- und Gerichtskosten) wenn diese vom Schuldner nicht bezahlt werden. In diesem Fall gehen die Kosten zu Ihren Lasten.","robots":{"index":"index","follow":"follow","max-snippet":"max-snippet:-1","max-image-preview":"max-image-preview:large","max-video-preview":"max-video-preview:-1"},"canonical":"https:\/\/helveticum-inkasso.ch\/de\/tarife\/","og_locale":"de_DE","og_type":"article","og_title":"Tarife | HELVETICUM Inkasso SA-AG | Freiburg - Eintreibung Ihrer Forderungen","og_description":"Im vorrechtlichen Inkasso arbeiten wir auf reiner Erfolgsbasis. Unsere Erfolgsprovision betr\u00e4gt dabei 10%. Direkte Kosten (Anwalts- und Gerichtskosten) wenn diese vom Schuldner nicht bezahlt werden. In diesem Fall gehen die Kosten zu Ihren Lasten.","og_url":"https:\/\/helveticum-inkasso.ch\/de\/tarife\/","og_site_name":"HELVETICUM Inkasso SA-AG | Freiburg - Eintreibung Ihrer Forderungen","article_modified_time":"2022-05-12T10:03:35+00:00","twitter_card":"summary_large_image","twitter_misc":{"Gesch\u00e4tzte Lesezeit":"2\u00a0Minuten"},"schema":{"@context":"https:\/\/schema.org","@graph":[{"@type":"WebPage","@id":"https:\/\/helveticum-inkasso.ch\/de\/tarife\/","url":"https:\/\/helveticum-inkasso.ch\/de\/tarife\/","name":"Tarife | HELVETICUM Inkasso SA-AG | Freiburg - Eintreibung Ihrer Forderungen","isPartOf":{"@id":"https:\/\/helveticum-inkasso.ch\/#website"},"datePublished":"2022-05-09T12:49:30+00:00","dateModified":"2022-05-12T10:03:35+00:00","description":"Im vorrechtlichen Inkasso arbeiten wir auf reiner Erfolgsbasis. Unsere Erfolgsprovision betr\u00e4gt dabei 10%. Direkte Kosten (Anwalts- und Gerichtskosten) wenn diese vom Schuldner nicht bezahlt werden. In diesem Fall gehen die Kosten zu Ihren Lasten.","breadcrumb":{"@id":"https:\/\/helveticum-inkasso.ch\/de\/tarife\/#breadcrumb"},"inLanguage":"de","potentialAction":[{"@type":"ReadAction","target":["https:\/\/helveticum-inkasso.ch\/de\/tarife\/"]}]},{"@type":"BreadcrumbList","@id":"https:\/\/helveticum-inkasso.ch\/de\/tarife\/#breadcrumb","itemListElement":[{"@type":"ListItem","position":1,"name":"Accueil","item":"https:\/\/helveticum-inkasso.ch\/de\/"},{"@type":"ListItem","position":2,"name":"Tarife"}]},{"@type":"WebSite","@id":"https:\/\/helveticum-inkasso.ch\/#website","url":"https:\/\/helveticum-inkasso.ch\/","name":"HELVETICUM Inkasso SA-AG | Freiburg - Eintreibung Ihrer Forderungen","description":"","potentialAction":[{"@type":"SearchAction","target":{"@type":"EntryPoint","urlTemplate":"https:\/\/helveticum-inkasso.ch\/?s={search_term_string}"},"query-input":{"@type":"PropertyValueSpecification","valueRequired":true,"valueName":"search_term_string"}}],"inLanguage":"de"}]}},"_links":{"self":[{"href":"https:\/\/helveticum-inkasso.ch\/de\/wp-json\/wp\/v2\/pages\/89","targetHints":{"allow":["GET"]}}],"collection":[{"href":"https:\/\/helveticum-inkasso.ch\/de\/wp-json\/wp\/v2\/pages"}],"about":[{"href":"https:\/\/helveticum-inkasso.ch\/de\/wp-json\/wp\/v2\/types\/page"}],"author":[{"embeddable":true,"href":"https:\/\/helveticum-inkasso.ch\/de\/wp-json\/wp\/v2\/users\/1"}],"replies":[{"embeddable":true,"href":"https:\/\/helveticum-inkasso.ch\/de\/wp-json\/wp\/v2\/comments?post=89"}],"version-history":[{"count":10,"href":"https:\/\/helveticum-inkasso.ch\/de\/wp-json\/wp\/v2\/pages\/89\/revisions"}],"predecessor-version":[{"id":204,"href":"https:\/\/helveticum-inkasso.ch\/de\/wp-json\/wp\/v2\/pages\/89\/revisions\/204"}],"wp:attachment":[{"href":"https:\/\/helveticum-inkasso.ch\/de\/wp-json\/wp\/v2\/media?parent=89"}],"curies":[{"name":"wp","href":"https:\/\/api.w.org\/{rel}","templated":true}]}}